{"id":2152,"date":"2023-08-28T20:32:18","date_gmt":"2023-08-28T18:32:18","guid":{"rendered":"http:\/\/thelbc.be\/?page_id=2152"},"modified":"2023-08-29T17:39:16","modified_gmt":"2023-08-29T15:39:16","slug":"les-salons","status":"publish","type":"page","link":"https:\/\/thelbc.be\/index.php\/les-salons\/","title":{"rendered":"Les salons"},"content":{"rendered":"\t\t<div data-elementor-type=\"wp-page\" data-elementor-id=\"2152\" class=\"elementor elementor-2152\">\n\t\t\t\t\t\t<section class=\"elementor-section elementor-top-section elementor-element elementor-element-dd518d1 elementor-section-boxed elementor-section-height-default elementor-section-height-default\" data-id=\"dd518d1\" data-element_type=\"section\" data-e-type=\"section\">\n\t\t\t\t\t\t<div class=\"elementor-container elementor-column-gap-default\">\n\t\t\t\t\t<div class=\"elementor-column elementor-col-100 elementor-top-column elementor-element elementor-element-aa96fad\" data-id=\"aa96fad\" data-element_type=\"column\" data-e-type=\"column\">\n\t\t\t<div class=\"elementor-widget-wrap elementor-element-populated\">\n\t\t\t\t\t\t<div class=\"elementor-element elementor-element-6471790 elementor-widget elementor-widget-text-editor\" data-id=\"6471790\" data-element_type=\"widget\" data-e-type=\"widget\" data-widget_type=\"text-editor.default\">\n\t\t\t\t<div class=\"elementor-widget-container\">\n\t\t\t\t\t\t\t\t\t<p>De 2009 \u00e0 2018, nous avons cr\u00e9\u00e9, pr\u00e9par\u00e9, organis\u00e9 et finalis\u00e9 les salons MADE IN ASIA (10 \u00e9ditions), RETRO MIA, YOUPLAY et LE FORMIDABLE SALON DE LA BD en g\u00e9rant la communication, l\u2019affichage, la publicit\u00e9, la commercialisation, l\u2019organisation de tous les prestataires pr\u00e9sents, l\u2019accueil des invit\u00e9s \u00e9trangers, les r\u00e9seaux sociaux et bien d\u2019autres choses encore&#8230;\u00a0<br \/><span style=\"font-family: Rubik, Helvetica, Arial, sans-serif; font-size: 17px; font-weight: 300;\"><br \/>Envie d\u2019organiser un \u00e9v\u00e8nement avec notre exp\u00e9rience ? N\u2019h\u00e9sitez pas \u00e0 nous contacter !<\/span><\/p>\t\t\t\t\t\t\t\t<\/div>\n\t\t\t\t<\/div>\n\t\t\t\t\t<\/div>\n\t\t<\/div>\n\t\t\t\t\t<\/div>\n\t\t<\/section>\n\t\t\t\t<section class=\"elementor-section elementor-top-section elementor-element elementor-element-9bc0357 elementor-section-boxed elementor-section-height-default elementor-section-height-default\" data-id=\"9bc0357\" data-element_type=\"section\" data-e-type=\"section\">\n\t\t\t\t\t\t<div class=\"elementor-container elementor-column-gap-default\">\n\t\t\t\t\t<div class=\"elementor-column elementor-col-100 elementor-top-column elementor-element elementor-element-0a63e9a\" data-id=\"0a63e9a\" data-element_type=\"column\" data-e-type=\"column\">\n\t\t\t<div class=\"elementor-widget-wrap elementor-element-populated\">\n\t\t\t\t\t\t<div class=\"elementor-element elementor-element-22bfbc1 elementor-widget elementor-widget-plexx_gallery\" data-id=\"22bfbc1\" data-element_type=\"widget\" data-e-type=\"widget\" data-widget_type=\"plexx_gallery.default\">\n\t\t\t\t<div class=\"elementor-widget-container\">\n\t\t\t\t\t\n\t\t\t\t<div class=\"container portfolio_container boxed-style\">\n\t\t\t\t\t<div id=\"portfolio-wrapper\" class=\"wrapper-id22bfbc1 add-space \">\n\n\n          \n\t\t\t\t\t\t\t<div class=\"portfolio_sizer\"><\/div>\n\t\t\t\t\t\t\t<div class=\"portfolio-four masonry-item portfolio-item-slug wow fadeIn elementor-repeater-item-7095e97 hide-hover-icons  \" data-id=\"22bfbc1\" data-wow-delay=\"229ms\">\n\n\t\t\t\t\t\t\t\t<div class=\"picture\">\n\t\t\t\t\t\t\t\t\t<a href=\"\" class=\"portfolio-link \"  data-thumb=\"https:\/\/thelbc.be\/wp-content\/uploads\/2023\/08\/2018_MIA.jpg\" >\n\n\n\t\t\t\t\t\t\t\t\t\t\t\n                    \n\t\t\t\t\t\t\t\t\t\t\t<div class=\"thumb\" data-ratio=\"0.70619469026549\" style=\"background-image:url('https:\/\/thelbc.be\/wp-content\/uploads\/2023\/08\/2018_MIA.jpg');\"><\/div>\n\n\t\t\t\t\t\t\t\t\t<\/a>\n\t\t\t\t\t\t\t\t<\/div>\n\n\n\t\t\t\t\t\t\t\t\t<div class=\"item-description\">\n                    \t\t\t\t\t\t\t\t\t\t   <h2>MADE IN ASIA 2018<\/h2>\n                                        \t\t\t\t\t\t\t\t\t<\/div>\n\n\n\t\t\t\t\t\t\t<\/div>\n\n\n\n            \n\t\t\t\t\t\t\t<div class=\"portfolio_sizer\"><\/div>\n\t\t\t\t\t\t\t<div class=\"portfolio-four masonry-item portfolio-item-slug wow fadeIn elementor-repeater-item-fe6a7bf hide-hover-icons  \" data-id=\"22bfbc1\" data-wow-delay=\"344ms\">\n\n\t\t\t\t\t\t\t\t<div class=\"picture\">\n\t\t\t\t\t\t\t\t\t<a href=\"\" class=\"portfolio-link \"  data-thumb=\"https:\/\/thelbc.be\/wp-content\/uploads\/2023\/08\/2017_MIA.jpg\" >\n\n\n\t\t\t\t\t\t\t\t\t\t\t\n                    \n\t\t\t\t\t\t\t\t\t\t\t<div class=\"thumb\" data-ratio=\"0.70619469026549\" style=\"background-image:url('https:\/\/thelbc.be\/wp-content\/uploads\/2023\/08\/2017_MIA.jpg');\"><\/div>\n\n\t\t\t\t\t\t\t\t\t<\/a>\n\t\t\t\t\t\t\t\t<\/div>\n\n\n\t\t\t\t\t\t\t\t\t<div class=\"item-description\">\n                    \t\t\t\t\t\t\t\t\t\t   <h2>MADE IN ASIA 2017<\/h2>\n                                        \t\t\t\t\t\t\t\t\t<\/div>\n\n\n\t\t\t\t\t\t\t<\/div>\n\n\n\n            \n\t\t\t\t\t\t\t<div class=\"portfolio_sizer\"><\/div>\n\t\t\t\t\t\t\t<div class=\"portfolio-four masonry-item portfolio-item-slug wow fadeIn elementor-repeater-item-3f70152 hide-hover-icons  \" data-id=\"22bfbc1\" data-wow-delay=\"145ms\">\n\n\t\t\t\t\t\t\t\t<div class=\"picture\">\n\t\t\t\t\t\t\t\t\t<a href=\"\" class=\"portfolio-link \"  data-thumb=\"https:\/\/thelbc.be\/wp-content\/uploads\/2023\/08\/2017_RETROMIA.jpg\" >\n\n\n\t\t\t\t\t\t\t\t\t\t\t\n                    \n\t\t\t\t\t\t\t\t\t\t\t<div class=\"thumb\" data-ratio=\"0.70619469026549\" style=\"background-image:url('https:\/\/thelbc.be\/wp-content\/uploads\/2023\/08\/2017_RETROMIA.jpg');\"><\/div>\n\n\t\t\t\t\t\t\t\t\t<\/a>\n\t\t\t\t\t\t\t\t<\/div>\n\n\n\t\t\t\t\t\t\t\t\t<div class=\"item-description\">\n                    \t\t\t\t\t\t\t\t\t\t   <h2>RETRO MIA 2017<\/h2>\n                                        \t\t\t\t\t\t\t\t\t<\/div>\n\n\n\t\t\t\t\t\t\t<\/div>\n\n\n\n            \n\t\t\t\t\t\t\t<div class=\"portfolio_sizer\"><\/div>\n\t\t\t\t\t\t\t<div class=\"portfolio-four masonry-item portfolio-item-slug wow fadeIn elementor-repeater-item-0b800fa hide-hover-icons  \" data-id=\"22bfbc1\" data-wow-delay=\"310ms\">\n\n\t\t\t\t\t\t\t\t<div class=\"picture\">\n\t\t\t\t\t\t\t\t\t<a href=\"\" class=\"portfolio-link \"  data-thumb=\"https:\/\/thelbc.be\/wp-content\/uploads\/2023\/08\/2016_MIA.jpg\" >\n\n\n\t\t\t\t\t\t\t\t\t\t\t\n                    \n\t\t\t\t\t\t\t\t\t\t\t<div class=\"thumb\" data-ratio=\"0.70619469026549\" style=\"background-image:url('https:\/\/thelbc.be\/wp-content\/uploads\/2023\/08\/2016_MIA.jpg');\"><\/div>\n\n\t\t\t\t\t\t\t\t\t<\/a>\n\t\t\t\t\t\t\t\t<\/div>\n\n\n\t\t\t\t\t\t\t\t\t<div class=\"item-description\">\n                    \t\t\t\t\t\t\t\t\t\t   <h2>MADE IN ASIA 2016<\/h2>\n                                        \t\t\t\t\t\t\t\t\t<\/div>\n\n\n\t\t\t\t\t\t\t<\/div>\n\n\n\n            \n\t\t\t\t\t\t\t<div class=\"portfolio_sizer\"><\/div>\n\t\t\t\t\t\t\t<div class=\"portfolio-four masonry-item portfolio-item-slug wow fadeIn elementor-repeater-item-a4688ea hide-hover-icons  \" data-id=\"22bfbc1\" data-wow-delay=\"276ms\">\n\n\t\t\t\t\t\t\t\t<div class=\"picture\">\n\t\t\t\t\t\t\t\t\t<a href=\"\" class=\"portfolio-link \"  data-thumb=\"https:\/\/thelbc.be\/wp-content\/uploads\/2023\/08\/2015_MIA.jpg\" >\n\n\n\t\t\t\t\t\t\t\t\t\t\t\n                    \n\t\t\t\t\t\t\t\t\t\t\t<div class=\"thumb\" data-ratio=\"0.70619469026549\" style=\"background-image:url('https:\/\/thelbc.be\/wp-content\/uploads\/2023\/08\/2015_MIA.jpg');\"><\/div>\n\n\t\t\t\t\t\t\t\t\t<\/a>\n\t\t\t\t\t\t\t\t<\/div>\n\n\n\t\t\t\t\t\t\t\t\t<div class=\"item-description\">\n                    \t\t\t\t\t\t\t\t\t\t   <h2>MADE IN ASIA 2015<\/h2>\n                                        \t\t\t\t\t\t\t\t\t<\/div>\n\n\n\t\t\t\t\t\t\t<\/div>\n\n\n\n            \n\t\t\t\t\t\t\t<div class=\"portfolio_sizer\"><\/div>\n\t\t\t\t\t\t\t<div class=\"portfolio-four masonry-item portfolio-item-slug wow fadeIn elementor-repeater-item-14dc35c hide-hover-icons  \" data-id=\"22bfbc1\" data-wow-delay=\"142ms\">\n\n\t\t\t\t\t\t\t\t<div class=\"picture\">\n\t\t\t\t\t\t\t\t\t<a href=\"\" class=\"portfolio-link \"  data-thumb=\"https:\/\/thelbc.be\/wp-content\/uploads\/2023\/08\/2014_RETROMIA.jpg\" >\n\n\n\t\t\t\t\t\t\t\t\t\t\t\n                    \n\t\t\t\t\t\t\t\t\t\t\t<div class=\"thumb\" data-ratio=\"0.70619469026549\" style=\"background-image:url('https:\/\/thelbc.be\/wp-content\/uploads\/2023\/08\/2014_RETROMIA.jpg');\"><\/div>\n\n\t\t\t\t\t\t\t\t\t<\/a>\n\t\t\t\t\t\t\t\t<\/div>\n\n\n\t\t\t\t\t\t\t\t\t<div class=\"item-description\">\n                    \t\t\t\t\t\t\t\t\t\t   <h2>RETRO MIA 2014<\/h2>\n                                        \t\t\t\t\t\t\t\t\t<\/div>\n\n\n\t\t\t\t\t\t\t<\/div>\n\n\n\n            \n\t\t\t\t\t\t\t<div class=\"portfolio_sizer\"><\/div>\n\t\t\t\t\t\t\t<div class=\"portfolio-four masonry-item portfolio-item-slug wow fadeIn elementor-repeater-item-1368d50 hide-hover-icons  \" data-id=\"22bfbc1\" data-wow-delay=\"494ms\">\n\n\t\t\t\t\t\t\t\t<div class=\"picture\">\n\t\t\t\t\t\t\t\t\t<a href=\"\" class=\"portfolio-link \"  data-thumb=\"https:\/\/thelbc.be\/wp-content\/uploads\/2023\/08\/2014_MIA.jpg\" >\n\n\n\t\t\t\t\t\t\t\t\t\t\t\n                    \n\t\t\t\t\t\t\t\t\t\t\t<div class=\"thumb\" data-ratio=\"0.70619469026549\" style=\"background-image:url('https:\/\/thelbc.be\/wp-content\/uploads\/2023\/08\/2014_MIA.jpg');\"><\/div>\n\n\t\t\t\t\t\t\t\t\t<\/a>\n\t\t\t\t\t\t\t\t<\/div>\n\n\n\t\t\t\t\t\t\t\t\t<div class=\"item-description\">\n                    \t\t\t\t\t\t\t\t\t\t   <h2>MADE IN ASIA 2014<\/h2>\n                                        \t\t\t\t\t\t\t\t\t<\/div>\n\n\n\t\t\t\t\t\t\t<\/div>\n\n\n\n            \n\t\t\t\t\t\t\t<div class=\"portfolio_sizer\"><\/div>\n\t\t\t\t\t\t\t<div class=\"portfolio-four masonry-item portfolio-item-slug wow fadeIn elementor-repeater-item-77db8e7 hide-hover-icons  \" data-id=\"22bfbc1\" data-wow-delay=\"290ms\">\n\n\t\t\t\t\t\t\t\t<div class=\"picture\">\n\t\t\t\t\t\t\t\t\t<a href=\"\" class=\"portfolio-link \"  data-thumb=\"https:\/\/thelbc.be\/wp-content\/uploads\/2023\/08\/2013_MIA.jpg\" >\n\n\n\t\t\t\t\t\t\t\t\t\t\t\n                    \n\t\t\t\t\t\t\t\t\t\t\t<div class=\"thumb\" data-ratio=\"0.70619469026549\" style=\"background-image:url('https:\/\/thelbc.be\/wp-content\/uploads\/2023\/08\/2013_MIA.jpg');\"><\/div>\n\n\t\t\t\t\t\t\t\t\t<\/a>\n\t\t\t\t\t\t\t\t<\/div>\n\n\n\t\t\t\t\t\t\t\t\t<div class=\"item-description\">\n                    \t\t\t\t\t\t\t\t\t\t   <h2>MADE IN ASIA 2013<\/h2>\n                                        \t\t\t\t\t\t\t\t\t<\/div>\n\n\n\t\t\t\t\t\t\t<\/div>\n\n\n\n            \n\t\t\t\t\t\t\t<div class=\"portfolio_sizer\"><\/div>\n\t\t\t\t\t\t\t<div class=\"portfolio-four masonry-item portfolio-item-slug wow fadeIn elementor-repeater-item-c6b6da4 hide-hover-icons  \" data-id=\"22bfbc1\" data-wow-delay=\"170ms\">\n\n\t\t\t\t\t\t\t\t<div class=\"picture\">\n\t\t\t\t\t\t\t\t\t<a href=\"\" class=\"portfolio-link \"  data-thumb=\"https:\/\/thelbc.be\/wp-content\/uploads\/2023\/08\/2013_FSBD.jpg\" >\n\n\n\t\t\t\t\t\t\t\t\t\t\t\n                    \n\t\t\t\t\t\t\t\t\t\t\t<div class=\"thumb\" data-ratio=\"0.70619469026549\" style=\"background-image:url('https:\/\/thelbc.be\/wp-content\/uploads\/2023\/08\/2013_FSBD.jpg');\"><\/div>\n\n\t\t\t\t\t\t\t\t\t<\/a>\n\t\t\t\t\t\t\t\t<\/div>\n\n\n\t\t\t\t\t\t\t\t\t<div class=\"item-description\">\n                    \t\t\t\t\t\t\t\t\t\t   <h2>LE FORMIDABLE SALON DE LA BD<\/h2>\n                                        \t\t\t\t\t\t\t\t\t<\/div>\n\n\n\t\t\t\t\t\t\t<\/div>\n\n\n\n            \n\t\t\t\t\t\t\t<div class=\"portfolio_sizer\"><\/div>\n\t\t\t\t\t\t\t<div class=\"portfolio-four masonry-item portfolio-item-slug wow fadeIn elementor-repeater-item-f104362 hide-hover-icons  \" data-id=\"22bfbc1\" data-wow-delay=\"148ms\">\n\n\t\t\t\t\t\t\t\t<div class=\"picture\">\n\t\t\t\t\t\t\t\t\t<a href=\"\" class=\"portfolio-link \"  data-thumb=\"https:\/\/thelbc.be\/wp-content\/uploads\/2023\/08\/2012_MIA_NIGHT.jpg\" >\n\n\n\t\t\t\t\t\t\t\t\t\t\t\n                    \n\t\t\t\t\t\t\t\t\t\t\t<div class=\"thumb\" data-ratio=\"0.70619469026549\" style=\"background-image:url('https:\/\/thelbc.be\/wp-content\/uploads\/2023\/08\/2012_MIA_NIGHT.jpg');\"><\/div>\n\n\t\t\t\t\t\t\t\t\t<\/a>\n\t\t\t\t\t\t\t\t<\/div>\n\n\n\t\t\t\t\t\t\t\t\t<div class=\"item-description\">\n                    \t\t\t\t\t\t\t\t\t\t   <h2>MIA NIGHT 2012<\/h2>\n                                        \t\t\t\t\t\t\t\t\t<\/div>\n\n\n\t\t\t\t\t\t\t<\/div>\n\n\n\n            \n\t\t\t\t\t\t\t<div class=\"portfolio_sizer\"><\/div>\n\t\t\t\t\t\t\t<div class=\"portfolio-four masonry-item portfolio-item-slug wow fadeIn elementor-repeater-item-194cd37 hide-hover-icons  \" data-id=\"22bfbc1\" data-wow-delay=\"162ms\">\n\n\t\t\t\t\t\t\t\t<div class=\"picture\">\n\t\t\t\t\t\t\t\t\t<a href=\"\" class=\"portfolio-link \"  data-thumb=\"https:\/\/thelbc.be\/wp-content\/uploads\/2023\/08\/2012_MIA_bis.jpg\" >\n\n\n\t\t\t\t\t\t\t\t\t\t\t\n                    \n\t\t\t\t\t\t\t\t\t\t\t<div class=\"thumb\" data-ratio=\"0.35398230088496\" style=\"background-image:url('https:\/\/thelbc.be\/wp-content\/uploads\/2023\/08\/2012_MIA_bis.jpg');\"><\/div>\n\n\t\t\t\t\t\t\t\t\t<\/a>\n\t\t\t\t\t\t\t\t<\/div>\n\n\n\t\t\t\t\t\t\t\t\t<div class=\"item-description\">\n                    \t\t\t\t\t\t\t\t\t\t   <h2>MADE IN ASIA 2012<\/h2>\n                                        \t\t\t\t\t\t\t\t\t<\/div>\n\n\n\t\t\t\t\t\t\t<\/div>\n\n\n\n            \n\t\t\t\t\t\t\t<div class=\"portfolio_sizer\"><\/div>\n\t\t\t\t\t\t\t<div class=\"portfolio-four masonry-item portfolio-item-slug wow fadeIn elementor-repeater-item-1acb0c7 hide-hover-icons  \" data-id=\"22bfbc1\" data-wow-delay=\"322ms\">\n\n\t\t\t\t\t\t\t\t<div class=\"picture\">\n\t\t\t\t\t\t\t\t\t<a href=\"\" class=\"portfolio-link \"  data-thumb=\"https:\/\/thelbc.be\/wp-content\/uploads\/2023\/08\/2011_MIA.jpg\" >\n\n\n\t\t\t\t\t\t\t\t\t\t\t\n                    \n\t\t\t\t\t\t\t\t\t\t\t<div class=\"thumb\" data-ratio=\"0.35398230088496\" style=\"background-image:url('https:\/\/thelbc.be\/wp-content\/uploads\/2023\/08\/2011_MIA.jpg');\"><\/div>\n\n\t\t\t\t\t\t\t\t\t<\/a>\n\t\t\t\t\t\t\t\t<\/div>\n\n\n\t\t\t\t\t\t\t\t\t<div class=\"item-description\">\n                    \t\t\t\t\t\t\t\t\t\t   <h2>MADE IN ASIA 2011<\/h2>\n                                        \t\t\t\t\t\t\t\t\t<\/div>\n\n\n\t\t\t\t\t\t\t<\/div>\n\n\n\n            \n\t\t\t\t\t\t\t<div class=\"portfolio_sizer\"><\/div>\n\t\t\t\t\t\t\t<div class=\"portfolio-four masonry-item portfolio-item-slug wow fadeIn elementor-repeater-item-2404e8d hide-hover-icons  \" data-id=\"22bfbc1\" data-wow-delay=\"157ms\">\n\n\t\t\t\t\t\t\t\t<div class=\"picture\">\n\t\t\t\t\t\t\t\t\t<a href=\"\" class=\"portfolio-link \"  data-thumb=\"https:\/\/thelbc.be\/wp-content\/uploads\/2023\/08\/2010_MIA.jpg\" >\n\n\n\t\t\t\t\t\t\t\t\t\t\t\n                    \n\t\t\t\t\t\t\t\t\t\t\t<div class=\"thumb\" data-ratio=\"0.35398230088496\" style=\"background-image:url('https:\/\/thelbc.be\/wp-content\/uploads\/2023\/08\/2010_MIA.jpg');\"><\/div>\n\n\t\t\t\t\t\t\t\t\t<\/a>\n\t\t\t\t\t\t\t\t<\/div>\n\n\n\t\t\t\t\t\t\t\t\t<div class=\"item-description\">\n                    \t\t\t\t\t\t\t\t\t\t   <h2>MADE IN ASIA 2010<\/h2>\n                                        \t\t\t\t\t\t\t\t\t<\/div>\n\n\n\t\t\t\t\t\t\t<\/div>\n\n\n\n            \n\t\t\t\t\t\t\t<div class=\"portfolio_sizer\"><\/div>\n\t\t\t\t\t\t\t<div class=\"portfolio-four masonry-item portfolio-item-slug wow fadeIn elementor-repeater-item-6adecef hide-hover-icons  \" data-id=\"22bfbc1\" data-wow-delay=\"169ms\">\n\n\t\t\t\t\t\t\t\t<div class=\"picture\">\n\t\t\t\t\t\t\t\t\t<a href=\"\" class=\"portfolio-link \"  data-thumb=\"https:\/\/thelbc.be\/wp-content\/uploads\/2023\/08\/2009_MIA.jpg\" >\n\n\n\t\t\t\t\t\t\t\t\t\t\t\n                    \n\t\t\t\t\t\t\t\t\t\t\t<div class=\"thumb\" data-ratio=\"0.29026548672566\" style=\"background-image:url('https:\/\/thelbc.be\/wp-content\/uploads\/2023\/08\/2009_MIA.jpg');\"><\/div>\n\n\t\t\t\t\t\t\t\t\t<\/a>\n\t\t\t\t\t\t\t\t<\/div>\n\n\n\t\t\t\t\t\t\t\t\t<div class=\"item-description\">\n                    \t\t\t\t\t\t\t\t\t\t   <h2>MADE IN ASIA 2009<\/h2>\n                                        \t\t\t\t\t\t\t\t\t<\/div>\n\n\n\t\t\t\t\t\t\t<\/div>\n\n\n\n            \n\t\t\t\t<\/div>\n\n\t\t\t<\/div>\n\n      \n      <style>\n\n        .wrapper-id22bfbc1 .item-filter {display: none;}.wrapper-id22bfbc1 .portfolio-item-slug .thumb::before,.wrapper-id22bfbc1  .portfolio-item-slug .thumb::after,.wrapper-id22bfbc1  .portfolio-gallery-item .thumb::before,.wrapper-id22bfbc1  .portfolio-gallery-item .thumb::after,.wrapper-id22bfbc1  .slick-slide .justified-cross::before,.wrapper-id22bfbc1  .portfolio-item-slug .video-popup:before  {display: none;}\n      <\/style>\n\n  \t\t\t\t<\/div>\n\t\t\t\t<\/div>\n\t\t\t\t\t<\/div>\n\t\t<\/div>\n\t\t\t\t\t<\/div>\n\t\t<\/section>\n\t\t\t\t<\/div>\n\t\t","protected":false},"excerpt":{"rendered":"<p>De 2009 \u00e0 2018, nous avons cr\u00e9\u00e9, pr\u00e9par\u00e9, organis\u00e9 et finalis\u00e9 les salons MADE IN ASIA (10 \u00e9ditions), RETRO MIA, YOUPLAY et LE FORMIDABLE SALON DE LA BD en g\u00e9rant la communication, l\u2019affichage, la publicit\u00e9, la commercialisation, l\u2019organisation de tous les prestataires pr\u00e9sents, l\u2019accueil des invit\u00e9s \u00e9trangers, les r\u00e9seaux sociaux et bien d\u2019autres choses encore&#8230;\u00a0 [&hellip;]<\/p>\n","protected":false},"author":1,"featured_media":0,"parent":0,"menu_order":0,"comment_status":"closed","ping_status":"closed","template":"","meta":{"footnotes":""},"class_list":["post-2152","page","type-page","status-publish","hentry"],"acf":[],"_links":{"self":[{"href":"https:\/\/thelbc.be\/index.php\/wp-json\/wp\/v2\/pages\/2152","targetHints":{"allow":["GET"]}}],"collection":[{"href":"https:\/\/thelbc.be\/index.php\/wp-json\/wp\/v2\/pages"}],"about":[{"href":"https:\/\/thelbc.be\/index.php\/wp-json\/wp\/v2\/types\/page"}],"author":[{"embeddable":true,"href":"https:\/\/thelbc.be\/index.php\/wp-json\/wp\/v2\/users\/1"}],"replies":[{"embeddable":true,"href":"https:\/\/thelbc.be\/index.php\/wp-json\/wp\/v2\/comments?post=2152"}],"version-history":[{"count":11,"href":"https:\/\/thelbc.be\/index.php\/wp-json\/wp\/v2\/pages\/2152\/revisions"}],"predecessor-version":[{"id":2182,"href":"https:\/\/thelbc.be\/index.php\/wp-json\/wp\/v2\/pages\/2152\/revisions\/2182"}],"wp:attachment":[{"href":"https:\/\/thelbc.be\/index.php\/wp-json\/wp\/v2\/media?parent=2152"}],"curies":[{"name":"wp","href":"https:\/\/api.w.org\/{rel}","templated":true}]}}